{"id":10123,"date":"2019-05-02T20:43:54","date_gmt":"2019-05-02T18:43:54","guid":{"rendered":"http:\/\/www.ab-consulting.fr\/blog?page_id=10123"},"modified":"2019-05-02T20:55:05","modified_gmt":"2019-05-02T18:55:05","slug":"contact","status":"publish","type":"page","link":"http:\/\/www.ab-consulting.fr\/blog\/contact","title":{"rendered":"Formulaire de contact :"},"content":{"rendered":"\n<div class=\"wpforms-container wpforms-container-full\" id=\"wpforms-10126\"><form id=\"wpforms-form-10126\" class=\"wpforms-validate wpforms-form\" data-formid=\"10126\" method=\"post\" enctype=\"multipart\/form-data\" action=\"\/blog\/wp-json\/wp\/v2\/pages\/10123\" data-token=\"4cc2f2acd3051559396fb7e295ce602a\"><noscript class=\"wpforms-error-noscript\">Veuillez activer JavaScript dans votre navigateur pour remplir ce formulaire.<\/noscript><div class=\"wpforms-field-container\"><div id=\"wpforms-10126-field_0-container\" class=\"wpforms-field wpforms-field-name\" data-field-id=\"0\"><label class=\"wpforms-field-label\" for=\"wpforms-10126-field_0\">Nom <span class=\"wpforms-required-label\">*<\/span><\/label><div class=\"wpforms-field-row wpforms-field-large\"><div class=\"wpforms-field-row-block wpforms-first wpforms-one-half\"><input type=\"text\" id=\"wpforms-10126-field_0\" class=\"wpforms-field-name-first wpforms-field-required\" name=\"wpforms[fields][0][first]\" required><label for=\"wpforms-10126-field_0\" class=\"wpforms-field-sublabel after \">Pr\u00e9nom<\/label><\/div><div class=\"wpforms-field-row-block wpforms-one-half\"><input type=\"text\" id=\"wpforms-10126-field_0-last\" class=\"wpforms-field-name-last wpforms-field-required\" name=\"wpforms[fields][0][last]\" required><label for=\"wpforms-10126-field_0-last\" class=\"wpforms-field-sublabel after \">Nom<\/label><\/div><\/div><\/div><div id=\"wpforms-10126-field_1-container\" class=\"wpforms-field wpforms-field-email\" data-field-id=\"1\"><label class=\"wpforms-field-label\" for=\"wpforms-10126-field_1\">Adresse de contact <span class=\"wpforms-required-label\">*<\/span><\/label><input type=\"email\" id=\"wpforms-10126-field_1\" class=\"wpforms-field-large wpforms-field-required\" name=\"wpforms[fields][1]\" required><\/div><div id=\"wpforms-10126-field_2-container\" class=\"wpforms-field wpforms-field-textarea\" data-field-id=\"2\"><label class=\"wpforms-field-label\" for=\"wpforms-10126-field_2\">Message <span class=\"wpforms-required-label\">*<\/span><\/label><textarea id=\"wpforms-10126-field_2\" class=\"wpforms-field-medium wpforms-field-required\" name=\"wpforms[fields][2]\" required><\/textarea><\/div><div id=\"wpforms-10126-field_3-container\" class=\"wpforms-field wpforms-field-gdpr-checkbox\" data-field-id=\"3\"><label class=\"wpforms-field-label\" for=\"wpforms-10126-field_3\">Consentement dans le cadre du RGPD <span class=\"wpforms-required-label\">*<\/span><\/label><ul id=\"wpforms-10126-field_3\" class=\"wpforms-field-required\"><li class=\"choice-1\"><input type=\"checkbox\" id=\"wpforms-10126-field_3_1\" name=\"wpforms[fields][3][]\" value=\"J&#039;accepte que le site stocke mes informations de contact afin de pouvoir r\u00e9pondre \u00e0 ma demande.\" required ><label class=\"wpforms-field-label-inline\" for=\"wpforms-10126-field_3_1\">J'accepte que le site stocke mes informations de contact afin de pouvoir r\u00e9pondre \u00e0 ma demande.<\/label><\/li><\/ul><\/div><\/div><div class=\"wpforms-field wpforms-field-hp\"><label for=\"wpforms-10126-field-hp\" class=\"wpforms-field-label\">Website<\/label><input type=\"text\" name=\"wpforms[hp]\" id=\"wpforms-10126-field-hp\" class=\"wpforms-field-medium\"><\/div><div class=\"wpforms-submit-container\"><input type=\"hidden\" name=\"wpforms[id]\" value=\"10126\"><input type=\"hidden\" name=\"wpforms[author]\" value=\"1\"><button type=\"submit\" name=\"wpforms[submit]\" id=\"wpforms-submit-10126\" class=\"wpforms-submit\" data-alt-text=\"Envoi...\" data-submit-text=\"Envoyer\" aria-live=\"assertive\" value=\"wpforms-submit\">Envoyer<\/button><\/div><\/form><\/div>  <!-- .wpforms-container -->\n<div class=\"sharedaddy sd-sharing-enabled\"><div class=\"robots-nocontent sd-block sd-social sd-social-icon-text sd-sharing\"><h3 class=\"sd-title\">Partager\u00a0:<\/h3><div class=\"sd-content\"><ul><li class=\"share-print\"><a rel=\"nofollow noopener noreferrer\" data-shared=\"\" class=\"share-print sd-button share-icon\" href=\"http:\/\/www.ab-consulting.fr\/blog\/contact\" target=\"_blank\" title=\"Cliquer pour imprimer\" ><span>Imprimer<\/span><\/a><\/li><li class=\"share-email\"><a rel=\"nofollow noopener noreferrer\" data-shared=\"\" class=\"share-email sd-button share-icon\" href=\"mailto:?subject=%5BArticle%20partag%C3%A9%5D%20Formulaire%20de%20contact%20%3A&body=http%3A%2F%2Fwww.ab-consulting.fr%2Fblog%2Fcontact&share=email\" target=\"_blank\" title=\"Cliquer pour envoyer un lien par e-mail \u00e0 un ami\" data-email-share-error-title=\"Votre messagerie est-elle configur\u00e9e\u00a0?\" data-email-share-error-text=\"Si vous rencontrez des probl\u00e8mes de partage par e-mail, votre messagerie n\u2019est peut-\u00eatre pas configur\u00e9e pour votre navigateur. Vous devrez peut-\u00eatre cr\u00e9er vous-m\u00eame une nouvelle messagerie.\" data-email-share-nonce=\"9a56a91a2f\" data-email-share-track-url=\"http:\/\/www.ab-consulting.fr\/blog\/contact?share=email\"><span>E-mail<\/span><\/a><\/li><li class=\"share-facebook\"><a rel=\"nofollow noopener noreferrer\" data-shared=\"sharing-facebook-10123\" class=\"share-facebook sd-button share-icon\" href=\"http:\/\/www.ab-consulting.fr\/blog\/contact?share=facebook\" target=\"_blank\" title=\"Cliquez pour partager sur Facebook\" ><span>Facebook<\/span><\/a><\/li><li class=\"share-twitter\"><a rel=\"nofollow noopener noreferrer\" data-shared=\"sharing-twitter-10123\" class=\"share-twitter sd-button share-icon\" href=\"http:\/\/www.ab-consulting.fr\/blog\/contact?share=twitter\" target=\"_blank\" title=\"Cliquez pour partager sur Twitter\" ><span>Twitter<\/span><\/a><\/li><li class=\"share-linkedin\"><a rel=\"nofollow noopener noreferrer\" data-shared=\"sharing-linkedin-10123\" class=\"share-linkedin sd-button share-icon\" href=\"http:\/\/www.ab-consulting.fr\/blog\/contact?share=linkedin\" target=\"_blank\" title=\"Cliquez pour partager sur LinkedIn\" ><span>LinkedIn<\/span><\/a><\/li><li class=\"share-tumblr\"><a rel=\"nofollow noopener noreferrer\" data-shared=\"\" class=\"share-tumblr sd-button share-icon\" href=\"http:\/\/www.ab-consulting.fr\/blog\/contact?share=tumblr\" target=\"_blank\" title=\"Cliquez pour partager sur Tumblr\" ><span>Tumblr<\/span><\/a><\/li><li class=\"share-pinterest\"><a rel=\"nofollow noopener noreferrer\" data-shared=\"sharing-pinterest-10123\" class=\"share-pinterest sd-button share-icon\" href=\"http:\/\/www.ab-consulting.fr\/blog\/contact?share=pinterest\" target=\"_blank\" title=\"Cliquez pour partager sur Pinterest\" ><span>Pinterest<\/span><\/a><\/li><li class=\"share-end\"><\/li><\/ul><\/div><\/div><\/div>","protected":false},"excerpt":{"rendered":"<div class=\"sharedaddy sd-sharing-enabled\"><div class=\"robots-nocontent sd-block sd-social sd-social-icon-text sd-sharing\"><h3 class=\"sd-title\">Partager\u00a0:<\/h3><div class=\"sd-content\"><ul><li class=\"share-print\"><a rel=\"nofollow noopener noreferrer\" data-shared=\"\" class=\"share-print sd-button share-icon\" href=\"http:\/\/www.ab-consulting.fr\/blog\/contact\" target=\"_blank\" title=\"Cliquer pour imprimer\" ><span>Imprimer<\/span><\/a><\/li><li class=\"share-email\"><a rel=\"nofollow noopener noreferrer\" data-shared=\"\" class=\"share-email sd-button share-icon\" href=\"mailto:?subject=%5BArticle%20partag%C3%A9%5D%20Formulaire%20de%20contact%20%3A&body=http%3A%2F%2Fwww.ab-consulting.fr%2Fblog%2Fcontact&share=email\" target=\"_blank\" title=\"Cliquer pour envoyer un lien par e-mail \u00e0 un ami\" data-email-share-error-title=\"Votre messagerie est-elle configur\u00e9e\u00a0?\" data-email-share-error-text=\"Si vous rencontrez des probl\u00e8mes de partage par e-mail, votre messagerie n\u2019est peut-\u00eatre pas configur\u00e9e pour votre navigateur. Vous devrez peut-\u00eatre cr\u00e9er vous-m\u00eame une nouvelle messagerie.\" data-email-share-nonce=\"9a56a91a2f\" data-email-share-track-url=\"http:\/\/www.ab-consulting.fr\/blog\/contact?share=email\"><span>E-mail<\/span><\/a><\/li><li class=\"share-facebook\"><a rel=\"nofollow noopener noreferrer\" data-shared=\"sharing-facebook-10123\" class=\"share-facebook sd-button share-icon\" href=\"http:\/\/www.ab-consulting.fr\/blog\/contact?share=facebook\" target=\"_blank\" title=\"Cliquez pour partager sur Facebook\" ><span>Facebook<\/span><\/a><\/li><li class=\"share-twitter\"><a rel=\"nofollow noopener noreferrer\" data-shared=\"sharing-twitter-10123\" class=\"share-twitter sd-button share-icon\" href=\"http:\/\/www.ab-consulting.fr\/blog\/contact?share=twitter\" target=\"_blank\" title=\"Cliquez pour partager sur Twitter\" ><span>Twitter<\/span><\/a><\/li><li class=\"share-linkedin\"><a rel=\"nofollow noopener noreferrer\" data-shared=\"sharing-linkedin-10123\" class=\"share-linkedin sd-button share-icon\" href=\"http:\/\/www.ab-consulting.fr\/blog\/contact?share=linkedin\" target=\"_blank\" title=\"Cliquez pour partager sur LinkedIn\" ><span>LinkedIn<\/span><\/a><\/li><li class=\"share-tumblr\"><a rel=\"nofollow noopener noreferrer\" data-shared=\"\" class=\"share-tumblr sd-button share-icon\" href=\"http:\/\/www.ab-consulting.fr\/blog\/contact?share=tumblr\" target=\"_blank\" title=\"Cliquez pour partager sur Tumblr\" ><span>Tumblr<\/span><\/a><\/li><li class=\"share-pinterest\"><a rel=\"nofollow noopener noreferrer\" data-shared=\"sharing-pinterest-10123\" class=\"share-pinterest sd-button share-icon\" href=\"http:\/\/www.ab-consulting.fr\/blog\/contact?share=pinterest\" target=\"_blank\" title=\"Cliquez pour partager sur Pinterest\" ><span>Pinterest<\/span><\/a><\/li><li class=\"share-end\"><\/li><\/ul><\/div><\/div><\/div>","protected":false},"author":1,"featured_media":0,"parent":0,"menu_order":0,"comment_status":"closed","ping_status":"closed","template":"","meta":{"advgb_blocks_editor_width":"","advgb_blocks_columns_visual_guide":"","jetpack_post_was_ever_published":false},"yoast_head":"<!-- This site is optimized with the Yoast SEO Premium plugin v17.9 (Yoast SEO v17.9) - https:\/\/yoast.com\/wordpress\/plugins\/seo\/ -->\n<title>Formulaire de contact : - Blog de la Transformation Digitale<\/title>\n<meta name=\"robots\" content=\"index, follow, max-snippet:-1, max-image-preview:large, max-video-preview:-1\" \/>\n<link rel=\"canonical\" href=\"http:\/\/www.ab-consulting.fr\/blog\/contact\" \/>\n<meta property=\"og:locale\" content=\"fr_FR\" \/>\n<meta property=\"og:type\" content=\"article\" \/>\n<meta property=\"og:title\" content=\"Formulaire de contact :\" \/>\n<meta property=\"og:url\" content=\"http:\/\/www.ab-consulting.fr\/blog\/contact\" \/>\n<meta property=\"og:site_name\" content=\"Blog de la Transformation Digitale\" \/>\n<meta property=\"article:publisher\" content=\"https:\/\/www.facebook.com\/abconsultingci\/\" \/>\n<meta property=\"article:modified_time\" content=\"2019-05-02T18:55:05+00:00\" \/>\n<meta name=\"twitter:card\" content=\"summary_large_image\" \/>\n<meta name=\"twitter:site\" content=\"@abonneaud\" \/>\n<script type=\"application\/ld+json\" class=\"yoast-schema-graph\">{\"@context\":\"https:\/\/schema.org\",\"@graph\":[{\"@type\":\"Organization\",\"@id\":\"http:\/\/www.ab-consulting.fr\/blog\/#organization\",\"name\":\"2AB & Associates\",\"url\":\"http:\/\/www.ab-consulting.fr\/blog\/\",\"sameAs\":[\"https:\/\/www.facebook.com\/abconsultingci\/\",\"https:\/\/www.linkedin.com\/in\/alainbonneaud\/\",\"https:\/\/twitter.com\/abonneaud\"],\"logo\":{\"@type\":\"ImageObject\",\"@id\":\"http:\/\/www.ab-consulting.fr\/blog\/#logo\",\"inLanguage\":\"fr-FR\",\"url\":\"https:\/\/i2.wp.com\/www.ab-consulting.fr\/blog\/wp-content\/uploads\/2015\/04\/AB-Consulting-logo-h-vs.gif?fit=540%2C107\",\"contentUrl\":\"https:\/\/i2.wp.com\/www.ab-consulting.fr\/blog\/wp-content\/uploads\/2015\/04\/AB-Consulting-logo-h-vs.gif?fit=540%2C107\",\"width\":540,\"height\":107,\"caption\":\"2AB & Associates\"},\"image\":{\"@id\":\"http:\/\/www.ab-consulting.fr\/blog\/#logo\"}},{\"@type\":\"WebSite\",\"@id\":\"http:\/\/www.ab-consulting.fr\/blog\/#website\",\"url\":\"http:\/\/www.ab-consulting.fr\/blog\/\",\"name\":\"Blog de la Transformation Digitale\",\"description\":\"COBIT\\u00ae, VeriSM, ITIL\\u00ae, RESILIA, ISO 27001, ISO 20000\",\"publisher\":{\"@id\":\"http:\/\/www.ab-consulting.fr\/blog\/#organization\"},\"potentialAction\":[{\"@type\":\"SearchAction\",\"target\":{\"@type\":\"EntryPoint\",\"urlTemplate\":\"http:\/\/www.ab-consulting.fr\/blog\/?s={search_term_string}\"},\"query-input\":\"required name=search_term_string\"}],\"inLanguage\":\"fr-FR\"},{\"@type\":\"WebPage\",\"@id\":\"http:\/\/www.ab-consulting.fr\/blog\/contact#webpage\",\"url\":\"http:\/\/www.ab-consulting.fr\/blog\/contact\",\"name\":\"Formulaire de contact : - Blog de la Transformation Digitale\",\"isPartOf\":{\"@id\":\"http:\/\/www.ab-consulting.fr\/blog\/#website\"},\"datePublished\":\"2019-05-02T18:43:54+00:00\",\"dateModified\":\"2019-05-02T18:55:05+00:00\",\"breadcrumb\":{\"@id\":\"http:\/\/www.ab-consulting.fr\/blog\/contact#breadcrumb\"},\"inLanguage\":\"fr-FR\",\"potentialAction\":[{\"@type\":\"ReadAction\",\"target\":[\"http:\/\/www.ab-consulting.fr\/blog\/contact\"]}]},{\"@type\":\"BreadcrumbList\",\"@id\":\"http:\/\/www.ab-consulting.fr\/blog\/contact#breadcrumb\",\"itemListElement\":[{\"@type\":\"ListItem\",\"position\":1,\"name\":\"Accueil\",\"item\":\"http:\/\/www.ab-consulting.fr\/blog\"},{\"@type\":\"ListItem\",\"position\":2,\"name\":\"Formulaire de contact :\"}]}]}<\/script>\n<!-- \/ Yoast SEO Premium plugin. -->","yoast_head_json":{"title":"Formulaire de contact : - Blog de la Transformation Digitale","robots":{"index":"index","follow":"follow","max-snippet":"max-snippet:-1","max-image-preview":"max-image-preview:large","max-video-preview":"max-video-preview:-1"},"canonical":"http:\/\/www.ab-consulting.fr\/blog\/contact","og_locale":"fr_FR","og_type":"article","og_title":"Formulaire de contact :","og_url":"http:\/\/www.ab-consulting.fr\/blog\/contact","og_site_name":"Blog de la Transformation Digitale","article_publisher":"https:\/\/www.facebook.com\/abconsultingci\/","article_modified_time":"2019-05-02T18:55:05+00:00","twitter_card":"summary_large_image","twitter_site":"@abonneaud","schema":{"@context":"https:\/\/schema.org","@graph":[{"@type":"Organization","@id":"http:\/\/www.ab-consulting.fr\/blog\/#organization","name":"2AB & Associates","url":"http:\/\/www.ab-consulting.fr\/blog\/","sameAs":["https:\/\/www.facebook.com\/abconsultingci\/","https:\/\/www.linkedin.com\/in\/alainbonneaud\/","https:\/\/twitter.com\/abonneaud"],"logo":{"@type":"ImageObject","@id":"http:\/\/www.ab-consulting.fr\/blog\/#logo","inLanguage":"fr-FR","url":"https:\/\/i2.wp.com\/www.ab-consulting.fr\/blog\/wp-content\/uploads\/2015\/04\/AB-Consulting-logo-h-vs.gif?fit=540%2C107","contentUrl":"https:\/\/i2.wp.com\/www.ab-consulting.fr\/blog\/wp-content\/uploads\/2015\/04\/AB-Consulting-logo-h-vs.gif?fit=540%2C107","width":540,"height":107,"caption":"2AB & Associates"},"image":{"@id":"http:\/\/www.ab-consulting.fr\/blog\/#logo"}},{"@type":"WebSite","@id":"http:\/\/www.ab-consulting.fr\/blog\/#website","url":"http:\/\/www.ab-consulting.fr\/blog\/","name":"Blog de la Transformation Digitale","description":"COBIT\u00ae, VeriSM, ITIL\u00ae, RESILIA, ISO 27001, ISO 20000","publisher":{"@id":"http:\/\/www.ab-consulting.fr\/blog\/#organization"},"potentialAction":[{"@type":"SearchAction","target":{"@type":"EntryPoint","urlTemplate":"http:\/\/www.ab-consulting.fr\/blog\/?s={search_term_string}"},"query-input":"required name=search_term_string"}],"inLanguage":"fr-FR"},{"@type":"WebPage","@id":"http:\/\/www.ab-consulting.fr\/blog\/contact#webpage","url":"http:\/\/www.ab-consulting.fr\/blog\/contact","name":"Formulaire de contact : - Blog de la Transformation Digitale","isPartOf":{"@id":"http:\/\/www.ab-consulting.fr\/blog\/#website"},"datePublished":"2019-05-02T18:43:54+00:00","dateModified":"2019-05-02T18:55:05+00:00","breadcrumb":{"@id":"http:\/\/www.ab-consulting.fr\/blog\/contact#breadcrumb"},"inLanguage":"fr-FR","potentialAction":[{"@type":"ReadAction","target":["http:\/\/www.ab-consulting.fr\/blog\/contact"]}]},{"@type":"BreadcrumbList","@id":"http:\/\/www.ab-consulting.fr\/blog\/contact#breadcrumb","itemListElement":[{"@type":"ListItem","position":1,"name":"Accueil","item":"http:\/\/www.ab-consulting.fr\/blog"},{"@type":"ListItem","position":2,"name":"Formulaire de contact :"}]}]}},"coauthors":[],"author_meta":{"author_link":"http:\/\/www.ab-consulting.fr\/blog\/author\/abonneaud","display_name":"Alain Bonneaud"},"relative_dates":{"created":"Posted 7 ans ago","modified":"Updated 7 ans ago"},"absolute_dates":{"created":"Posted on 2 mai 2019","modified":"Updated on 2 mai 2019"},"absolute_dates_time":{"created":"Posted on 2 mai 2019 20 h 43 min","modified":"Updated on 2 mai 2019 20 h 55 min"},"featured_img_caption":"","featured_img":false,"jetpack_sharing_enabled":true,"jetpack_shortlink":"https:\/\/wp.me\/P3OrbX-2Dh","jetpack_likes_enabled":true,"jetpack-related-posts":[],"amp_enabled":true,"_links":{"self":[{"href":"http:\/\/www.ab-consulting.fr\/blog\/wp-json\/wp\/v2\/pages\/10123"}],"collection":[{"href":"http:\/\/www.ab-consulting.fr\/blog\/wp-json\/wp\/v2\/pages"}],"about":[{"href":"http:\/\/www.ab-consulting.fr\/blog\/wp-json\/wp\/v2\/types\/page"}],"author":[{"embeddable":true,"href":"http:\/\/www.ab-consulting.fr\/blog\/wp-json\/wp\/v2\/users\/1"}],"replies":[{"embeddable":true,"href":"http:\/\/www.ab-consulting.fr\/blog\/wp-json\/wp\/v2\/comments?post=10123"}],"version-history":[{"count":5,"href":"http:\/\/www.ab-consulting.fr\/blog\/wp-json\/wp\/v2\/pages\/10123\/revisions"}],"predecessor-version":[{"id":10129,"href":"http:\/\/www.ab-consulting.fr\/blog\/wp-json\/wp\/v2\/pages\/10123\/revisions\/10129"}],"wp:attachment":[{"href":"http:\/\/www.ab-consulting.fr\/blog\/wp-json\/wp\/v2\/media?parent=10123"}],"curies":[{"name":"wp","href":"https:\/\/api.w.org\/{rel}","templated":true}]}}